{"id":21061,"date":"2026-01-13T18:26:43","date_gmt":"2026-01-13T18:26:43","guid":{"rendered":"https:\/\/credilink.pt\/?page_id=21061"},"modified":"2026-01-22T15:30:48","modified_gmt":"2026-01-22T15:30:48","slug":"politique-de-confidentialite-2","status":"publish","type":"page","link":"https:\/\/credilink.pt\/fr\/politique-de-confidentialite-2\/","title":{"rendered":"Informations l\u00e9gales"},"content":{"rendered":"\t\t<div data-elementor-type=\"wp-page\" data-elementor-id=\"21061\" class=\"elementor elementor-21061 elementor-21059\" data-elementor-post-type=\"page\">\n\t\t\t\t<div class=\"elementor-element elementor-element-784c56c e-flex e-con-boxed e-con e-parent\" data-id=\"784c56c\" data-element_type=\"container\">\n\t\t\t\t\t<div class=\"e-con-inner\">\n\t\t<div class=\"elementor-element elementor-element-89b0c06 e-con-full e-flex e-con e-child\" data-id=\"89b0c06\" data-element_type=\"container\">\n\t\t\t\t<div class=\"elementor-element elementor-element-94a1d6c elementor-widget elementor-widget-heading\" data-id=\"94a1d6c\" data-element_type=\"widget\" data-widget_type=\"heading.default\">\n\t\t\t\t\t<h1 class=\"elementor-heading-title elementor-size-default\">Informations l\u00e9gales<\/h1>\t\t\t\t<\/div>\n\t\t\t\t<div class=\"elementor-element elementor-element-1218705 elementor-widget elementor-widget-text-editor\" data-id=\"1218705\" data-element_type=\"widget\" data-widget_type=\"text-editor.default\">\n\t\t\t\t\t\t\t\t\t<p>Credilink \u2013 Interm\u00e9diation de Cr\u00e9dit, Lda., titulaire du num\u00e9ro d\u2019identification fiscale (NIPC) 515 700 738, dont le si\u00e8ge social est situ\u00e9 Rua de Cam\u00f5es 219, 3D, 4000-145 Porto, est une entit\u00e9 l\u00e9galement enregistr\u00e9e aupr\u00e8s de la Banque du Portugal sous le num\u00e9ro 5976. Elle exerce des activit\u00e9s d\u2019interm\u00e9diation de cr\u00e9dit conform\u00e9ment aux exigences pr\u00e9vues par le D\u00e9cret-loi n\u00b0 81-C\/2017 du 7 juillet. La pr\u00e9sente page est conforme aux dispositions \u00e9tablies \u00e0 l\u2019article 53, paragraphe 1, dudit d\u00e9cret-loi.<\/p>\t\t\t\t\t\t\t\t<\/div>\n\t\t\t\t<\/div>\n\t\t<div class=\"elementor-element elementor-element-21b6ff3 e-con-full e-flex e-con e-child\" data-id=\"21b6ff3\" data-element_type=\"container\">\n\t\t\t\t<div class=\"elementor-element elementor-element-381b488 elementor-widget elementor-widget-heading\" data-id=\"381b488\" data-element_type=\"widget\" data-widget_type=\"heading.default\">\n\t\t\t\t\t<h2 class=\"elementor-heading-title elementor-size-default\">Contacts pour l\u2019exercice de l\u2019activit\u00e9<\/h2>\t\t\t\t<\/div>\n\t\t\t\t<div class=\"elementor-element elementor-element-19b9860 elementor-widget elementor-widget-text-editor\" data-id=\"19b9860\" data-element_type=\"widget\" data-widget_type=\"text-editor.default\">\n\t\t\t\t\t\t\t\t\t<p>Pour toute question relative \u00e0 l\u2019activit\u00e9 d\u2019interm\u00e9diation de cr\u00e9dit au Portugal continental, vous pouvez contacter Jo\u00e3o Ferreira aux coordonn\u00e9es suivantes, les jours ouvrables entre 9h00 et 18h00:<br><br>Email \u2013 <a href=\"mailto:joao.ferreira@credilink.pt\">joao.ferreira@credilink.pt<\/a><br>T\u00e9l\u00e9phone \u2013 220931683<br><br>Si\u00e8ge social \u2013 Rua de Cam\u00f5es, 219, 3\u00baD \u2013 4000-145 Porto<br><br>Adresse d\u2019accueil du public \u2013 Rua de Cam\u00f5es, 219, 3\u00baD \u2013 4000-145 Porto<br><br>Lorsqu\u2019elle agit exclusivement en qualit\u00e9 d\u2019interm\u00e9diaire de cr\u00e9dit, l\u2019activit\u00e9 de Credilink est soumise \u00e0 la supervision de la Banque du Portugal. Credilink est enregistr\u00e9e aupr\u00e8s de la Banque du Portugal sous le num\u00e9ro 0005976, information v\u00e9rifiable via le lien suivant <a href=\"https:\/\/www.bportugal.pt\/intermediariocreditofar\/credilink-intermediacao-de-credito-lda\" target=\"_blank\" rel=\"noreferrer noopener\">https:\/\/www.bportugal.pt\/intermediariocreditofar\/credilink-intermediacao-de-credito-lda<\/a> <\/p>\t\t\t\t\t\t\t\t<\/div>\n\t\t\t\t<\/div>\n\t\t<div class=\"elementor-element elementor-element-2658f21 e-con-full e-flex e-con e-child\" data-id=\"2658f21\" data-element_type=\"container\">\n\t\t\t\t<div class=\"elementor-element elementor-element-ba00457 elementor-widget elementor-widget-heading\" data-id=\"ba00457\" data-element_type=\"widget\" data-widget_type=\"heading.default\">\n\t\t\t\t\t<h2 class=\"elementor-heading-title elementor-size-default\">Cat\u00e9gorie d\u2019enregistrement<\/h2>\t\t\t\t<\/div>\n\t\t\t\t<div class=\"elementor-element elementor-element-7e9401c elementor-widget elementor-widget-text-editor\" data-id=\"7e9401c\" data-element_type=\"widget\" data-widget_type=\"text-editor.default\">\n\t\t\t\t\t\t\t\t\t<p>Credilink est enregistr\u00e9e en tant qu\u2019Interm\u00e9diaire de Cr\u00e9dit Li\u00e9. Credilink n\u2019octroie pas de cr\u00e9dit ; son activit\u00e9 se limite exclusivement \u00e0 l\u2019interm\u00e9diation de cr\u00e9dit avec les \u00e9tablissements financiers avec lesquels elle a conclu un contrat de lien. <br><br>Identification des pr\u00eateurs avec lesquels Credilink entretient un contrat de lien:<br><br>BANCO SANTANDER TOTTA, S.A.<br>CAIXA GERAL DE DEP\u00d3SITOS, S.A.<br>BANCO CTT, S.A.<br>BANCO BPI S.A.<br>COFIDIS<br>BANKINTER, S.A. \u2013 SUCCURSALE AU PORTUGAL<br>NOVO BANCO, S.A.<br>BANCO CREDIBOM, SA<br>UNICRE \u2013 INSTITUI\u00c7\u00c3O FINANCEIRA DE CR\u00c9DITO, S.A.<br>ABANCA CORPORACI\u00d3N BANCARIA, S.A., SUCCURSALE AU PORTUGAL<br>BNP PARIBAS PERSONAL FINANCE, S.A. \u2013 SUCCURSALE AU PORTUGAL<br>MONTEPIO CR\u00c9DITO \u2013 INSTITUTION FINANCI\u00c8RE DE CR\u00c9DIT, S.A.<br>BANCO BIC PORTUGU\u00caS, SA<br>BBVA, INSTITUTION FINANCI\u00c8RE DE CR\u00c9DIT S.A.<\/p>\t\t\t\t\t\t\t\t<\/div>\n\t\t\t\t<\/div>\n\t\t<div class=\"elementor-element elementor-element-fc9ce20 e-con-full e-flex e-con e-child\" data-id=\"fc9ce20\" data-element_type=\"container\">\n\t\t\t\t<div class=\"elementor-element elementor-element-dbafd51 elementor-widget elementor-widget-heading\" data-id=\"dbafd51\" data-element_type=\"widget\" data-widget_type=\"heading.default\">\n\t\t\t\t\t<h2 class=\"elementor-heading-title elementor-size-default\">Services d\u2019interm\u00e9diation de cr\u00e9dit<\/h2>\t\t\t\t<\/div>\n\t\t\t\t<div class=\"elementor-element elementor-element-5035b72 elementor-widget elementor-widget-text-editor\" data-id=\"5035b72\" data-element_type=\"widget\" data-widget_type=\"text-editor.default\">\n\t\t\t\t\t\t\t\t\t<p>Credilink est autoris\u00e9e \u00e0 fournir les services d\u2019interm\u00e9diation de cr\u00e9dit suivants:<\/p><ol class=\"wp-block-list\"><li>Pr\u00e9sentation ou proposition de contrats de cr\u00e9dit aux consommateurs;<\/li><li>Assistance aux consommateurs par la r\u00e9alisation d\u2019actes pr\u00e9paratoires ou d\u2019autres travaux de gestion pr\u00e9contractuelle relatifs \u00e0 des contrats de cr\u00e9dit qui n\u2019ont pas \u00e9t\u00e9 pr\u00e9sent\u00e9s ou propos\u00e9s directement par Credilink;<\/li><li>Conclusion de contrats de cr\u00e9dit avec des consommateurs au nom des pr\u00eateurs.<\/li><li>Services de conseil : Oui<\/li><\/ol><p> <\/p><p>Credilink n\u2019est pas autoris\u00e9e \u00e0 recevoir ou \u00e0 percevoir tout montant li\u00e9 \u00e0 la formation, \u00e0 l\u2019ex\u00e9cution ou au remboursement anticip\u00e9 des contrats de cr\u00e9dit, conform\u00e9ment \u00e0 l\u2019article 46 du RJIC. Les services d\u2019interm\u00e9diation de cr\u00e9dit fournis par Credilink sont donc gratuits pour les clients. Toutefois, Credilink est r\u00e9mun\u00e9r\u00e9e par les \u00e9tablissements financiers avec lesquels elle a conclu un contrat de lien.  <\/p>\t\t\t\t\t\t\t\t<\/div>\n\t\t\t\t<\/div>\n\t\t<div class=\"elementor-element elementor-element-e9be59a e-con-full e-flex e-con e-child\" data-id=\"e9be59a\" data-element_type=\"container\">\n\t\t\t\t<div class=\"elementor-element elementor-element-950c176 elementor-widget elementor-widget-heading\" data-id=\"950c176\" data-element_type=\"widget\" data-widget_type=\"heading.default\">\n\t\t\t\t\t<h2 class=\"elementor-heading-title elementor-size-default\">Assurance de responsabilit\u00e9 civile professionnelle<\/h2>\t\t\t\t<\/div>\n\t\t\t\t<div class=\"elementor-element elementor-element-bad9495 elementor-widget elementor-widget-text-editor\" data-id=\"bad9495\" data-element_type=\"widget\" data-widget_type=\"text-editor.default\">\n\t\t\t\t\t\t\t\t\t<p>Cr\u00e9dit Hypoth\u00e9caire \u2013 Entit\u00e9 assurant la responsabilit\u00e9 civile pour l\u2019activit\u00e9 de cr\u00e9dit hypoth\u00e9caire:<br>Hiscox S.A., succursale au Portugal, police n\u00b0 2520038, valable du 01\/06\/2025 au 31\/05\/2026.<br><br>Cr\u00e9dit \u00e0 la Consommation \u2013 Entit\u00e9 assurant la responsabilit\u00e9 civile pour l\u2019activit\u00e9 de cr\u00e9dit \u00e0 la consommation:<br>Hiscox S.A., succursale au Portugal, police n\u00b0 2520039, valable du 01\/06\/2025 au 31\/05\/2026.<\/p>\t\t\t\t\t\t\t\t<\/div>\n\t\t\t\t<div class=\"elementor-element elementor-element-dfcf819 elementor-widget elementor-widget-heading\" data-id=\"dfcf819\" data-element_type=\"widget\" data-widget_type=\"heading.default\">\n\t\t\t\t\t<h2 class=\"elementor-heading-title elementor-size-default\">Pr\u00e9sentation des R\u00e9clamations<\/h2>\t\t\t\t<\/div>\n\t\t\t\t<div class=\"elementor-element elementor-element-995b04e elementor-widget elementor-widget-text-editor\" data-id=\"995b04e\" data-element_type=\"widget\" data-widget_type=\"text-editor.default\">\n\t\t\t\t\t\t\t\t\t<p>Si vous avez une r\u00e9clamation relative aux services d\u2019interm\u00e9diation de cr\u00e9dit, vous pouvez utiliser les moyens suivants:<br><\/p>\t\t\t\t\t\t\t\t<\/div>\n\t\t\t\t<div class=\"elementor-element elementor-element-0353b0d elementor-position-inline-start elementor-mobile-position-inline-start elementor-view-default elementor-widget elementor-widget-icon-box\" data-id=\"0353b0d\" data-element_type=\"widget\" data-widget_type=\"icon-box.default\">\n\t\t\t\t\t\t\t<div class=\"elementor-icon-box-wrapper\">\n\n\t\t\t\t\t\t<div class=\"elementor-icon-box-icon\">\n\t\t\t\t<span  class=\"elementor-icon\">\n\t\t\t\t<svg xmlns=\"http:\/\/www.w3.org\/2000\/svg\" width=\"15\" height=\"34\" viewBox=\"0 0 15 34\" fill=\"none\"><path d=\"M3.05965 30L0 26.7972L8.8807 17.4992L0 8.20285L3.05965 5L15 17.4992L3.05965 30Z\" fill=\"#5FFFD9\"><\/path><\/svg>\t\t\t\t<\/span>\n\t\t\t<\/div>\n\t\t\t\n\t\t\t\t\t\t<div class=\"elementor-icon-box-content\">\n\n\t\t\t\t\n\t\t\t\t\t\t\t\t\t<p class=\"elementor-icon-box-description\">\n\t\t\t\t\t\tCredilink \u2013 par e-mail \u00e0 info@credilink.pt ou en personne \u00e0 l\u2019adresse d\u2019accueil du public;\t\t\t\t\t<\/p>\n\t\t\t\t\n\t\t\t<\/div>\n\t\t\t\n\t\t<\/div>\n\t\t\t\t\t\t<\/div>\n\t\t\t\t<div class=\"elementor-element elementor-element-caea20f elementor-position-inline-start elementor-mobile-position-inline-start elementor-view-default elementor-widget elementor-widget-icon-box\" data-id=\"caea20f\" data-element_type=\"widget\" data-widget_type=\"icon-box.default\">\n\t\t\t\t\t\t\t<div class=\"elementor-icon-box-wrapper\">\n\n\t\t\t\t\t\t<div class=\"elementor-icon-box-icon\">\n\t\t\t\t<span  class=\"elementor-icon\">\n\t\t\t\t<svg xmlns=\"http:\/\/www.w3.org\/2000\/svg\" width=\"15\" height=\"34\" viewBox=\"0 0 15 34\" fill=\"none\"><path d=\"M3.05965 30L0 26.7972L8.8807 17.4992L0 8.20285L3.05965 5L15 17.4992L3.05965 30Z\" fill=\"#5FFFD9\"><\/path><\/svg>\t\t\t\t<\/span>\n\t\t\t<\/div>\n\t\t\t\n\t\t\t\t\t\t<div class=\"elementor-icon-box-content\">\n\n\t\t\t\t\n\t\t\t\t\t\t\t\t\t<p class=\"elementor-icon-box-description\">\n\t\t\t\t\t\tLivre \u00e9lectronique de r\u00e9clamations (Livro de Reclama\u00e7\u00f5es Eletr\u00f3nico);\t\t\t\t\t<\/p>\n\t\t\t\t\n\t\t\t<\/div>\n\t\t\t\n\t\t<\/div>\n\t\t\t\t\t\t<\/div>\n\t\t\t\t<div class=\"elementor-element elementor-element-a41f384 elementor-position-inline-start elementor-mobile-position-inline-start elementor-view-default elementor-widget elementor-widget-icon-box\" data-id=\"a41f384\" data-element_type=\"widget\" data-widget_type=\"icon-box.default\">\n\t\t\t\t\t\t\t<div class=\"elementor-icon-box-wrapper\">\n\n\t\t\t\t\t\t<div class=\"elementor-icon-box-icon\">\n\t\t\t\t<span  class=\"elementor-icon\">\n\t\t\t\t<svg xmlns=\"http:\/\/www.w3.org\/2000\/svg\" width=\"15\" height=\"34\" viewBox=\"0 0 15 34\" fill=\"none\"><path d=\"M3.05965 30L0 26.7972L8.8807 17.4992L0 8.20285L3.05965 5L15 17.4992L3.05965 30Z\" fill=\"#5FFFD9\"><\/path><\/svg>\t\t\t\t<\/span>\n\t\t\t<\/div>\n\t\t\t\n\t\t\t\t\t\t<div class=\"elementor-icon-box-content\">\n\n\t\t\t\t\n\t\t\t\t\t\t\t\t\t<p class=\"elementor-icon-box-description\">\n\t\t\t\t\t\tBanque du Portugal \u2013 via les coordonn\u00e9es disponibles sur www.bportugal.pt\t\t\t\t\t<\/p>\n\t\t\t\t\n\t\t\t<\/div>\n\t\t\t\n\t\t<\/div>\n\t\t\t\t\t\t<\/div>\n\t\t\t\t<\/div>\n\t\t<div class=\"elementor-element elementor-element-28c47dc e-con-full e-flex e-con e-child\" data-id=\"28c47dc\" data-element_type=\"container\">\n\t\t\t\t<div class=\"elementor-element elementor-element-5fbd5fd elementor-widget elementor-widget-heading\" data-id=\"5fbd5fd\" data-element_type=\"widget\" data-widget_type=\"heading.default\">\n\t\t\t\t\t<h2 class=\"elementor-heading-title elementor-size-default\">R\u00e8glement alternatif des litiges de consommation (RAL)<\/h2>\t\t\t\t<\/div>\n\t\t\t\t<div class=\"elementor-element elementor-element-33d6b54 elementor-widget elementor-widget-text-editor\" data-id=\"33d6b54\" data-element_type=\"widget\" data-widget_type=\"text-editor.default\">\n\t\t\t\t\t\t\t\t\t<p>Conform\u00e9ment aux dispositions de l\u2019article 18 de la Loi n\u00b0 144\/2015 du 8 septembre, Credilink \u2013 Interm\u00e9diation de Cr\u00e9dit, Lda. informe que, en cas de litige de consommation, le consommateur peut recourir aux entit\u00e9s suivantes de r\u00e8glement alternatif des litiges de consommation:<\/p><p><strong>Entit\u00e9s RAL comp\u00e9tentes:<\/strong><\/p><p><strong>CICAP \u2013 Centre d\u2019Information et d\u2019Arbitrage des Consommateurs de Porto<\/strong><br>Adresse: Rua Dami\u00e3o de G\u00f3is, n\u00ba 31, Loja 6, 4050-225 Porto<br>T\u00e9l\u00e9phone: 225 508 349 \/ 225 029 791<br>Email: <a href=\"mailto:cicap@cicap.pt\">cicap@cicap.pt<\/a><br>Website: <a href=\"http:\/\/www.cicap.pt\/\">www.cicap.pt<\/a><\/p><p> <\/p><p><strong>CNIACC \u2013 Centre National d\u2019Information et d\u2019Arbitrage des Conflits de Consommation<\/strong><br>Adresse: Rua D. Afonso Henriques, n\u00ba 1, 4700-030 Braga, Portugal<br>T\u00e9l\u00e9phone: 253 619 107<br>Email:<a href=\"https:\/\/credilink.pt\/informacao-legal\/geral@cniacc.pt\"> geral@cniacc.pt<\/a><br>Website: <a href=\"https:\/\/www.cniacc.pt\/\">https:\/\/www.cniacc.pt<\/a><\/p><p> <\/p><p>Pour plus d\u2019informations, vous pouvez \u00e9galement consulter le Portail du Consommateur \u00e0 l\u2019adresse <a href=\"http:\/\/www.consumidor.gov.pt\/\">www.consumidor.gov.pt<\/a><\/p>\t\t\t\t\t\t\t\t<\/div>\n\t\t\t\t<\/div>\n\t\t\t\t\t<\/div>\n\t\t\t\t<\/div>\n\t\t\t\t<\/div>\n\t\t","protected":false},"excerpt":{"rendered":"<p>Informations l\u00e9gales Credilink \u2013 Interm\u00e9diation de Cr\u00e9dit, Lda., titulaire du num\u00e9ro d\u2019identification fiscale (NIPC) 515 700 738, dont le si\u00e8ge social est situ\u00e9 Rua de Cam\u00f5es 219, 3D, 4000-145 Porto, est une entit\u00e9 l\u00e9galement enregistr\u00e9e aupr\u00e8s de la Banque du Portugal sous le num\u00e9ro 5976. Elle exerce des activit\u00e9s d\u2019interm\u00e9diation de cr\u00e9dit conform\u00e9ment aux exigences [&hellip;]<\/p>\n","protected":false},"author":5,"featured_media":0,"parent":0,"menu_order":0,"comment_status":"closed","ping_status":"closed","template":"","meta":{"_acf_changed":false,"footnotes":""},"class_list":["post-21061","page","type-page","status-publish","hentry"],"acf":[],"yoast_head":"<!-- This site is optimized with the Yoast SEO plugin v26.8 - https:\/\/yoast.com\/product\/yoast-seo-wordpress\/ -->\n<title>Informations l\u00e9gales - Credilink<\/title>\n<meta name=\"description\" content=\"Informations l\u00e9gales concernant Credilink en tant qu\u2019interm\u00e9diaire de cr\u00e9dit li\u00e9, incluant les mentions obligatoires et le cadre juridique applicable.\" \/>\n<meta name=\"robots\" content=\"index, follow, max-snippet:-1, max-image-preview:large, max-video-preview:-1\" \/>\n<link rel=\"canonical\" href=\"https:\/\/credilink.pt\/fr\/politique-de-confidentialite-2\/\" \/>\n<meta property=\"og:locale\" content=\"fr_FR\" \/>\n<meta property=\"og:type\" content=\"article\" \/>\n<meta property=\"og:title\" content=\"Informations l\u00e9gales - Credilink\" \/>\n<meta property=\"og:description\" content=\"Informations l\u00e9gales concernant Credilink en tant qu\u2019interm\u00e9diaire de cr\u00e9dit li\u00e9, incluant les mentions obligatoires et le cadre juridique applicable.\" \/>\n<meta property=\"og:url\" content=\"https:\/\/credilink.pt\/fr\/politique-de-confidentialite-2\/\" \/>\n<meta property=\"og:site_name\" content=\"Credilink\" \/>\n<meta property=\"article:publisher\" content=\"https:\/\/www.facebook.com\/credilink.pt\" \/>\n<meta property=\"article:modified_time\" content=\"2026-01-22T15:30:48+00:00\" \/>\n<meta name=\"twitter:card\" content=\"summary_large_image\" \/>\n<meta name=\"twitter:label1\" content=\"Dur\u00e9e de lecture estim\u00e9e\" \/>\n\t<meta name=\"twitter:data1\" content=\"4 minutes\" \/>\n<script type=\"application\/ld+json\" class=\"yoast-schema-graph\">{\"@context\":\"https:\/\/schema.org\",\"@graph\":[{\"@type\":\"WebPage\",\"@id\":\"https:\/\/credilink.pt\/fr\/politique-de-confidentialite-2\/\",\"url\":\"https:\/\/credilink.pt\/fr\/politique-de-confidentialite-2\/\",\"name\":\"Informations l\u00e9gales - Credilink\",\"isPartOf\":{\"@id\":\"https:\/\/credilink.pt\/fr\/#website\"},\"datePublished\":\"2026-01-13T18:26:43+00:00\",\"dateModified\":\"2026-01-22T15:30:48+00:00\",\"description\":\"Informations l\u00e9gales concernant Credilink en tant qu\u2019interm\u00e9diaire de cr\u00e9dit li\u00e9, incluant les mentions obligatoires et le cadre juridique applicable.\",\"breadcrumb\":{\"@id\":\"https:\/\/credilink.pt\/fr\/politique-de-confidentialite-2\/#breadcrumb\"},\"inLanguage\":\"fr-FR\",\"potentialAction\":[{\"@type\":\"ReadAction\",\"target\":[\"https:\/\/credilink.pt\/fr\/politique-de-confidentialite-2\/\"]}]},{\"@type\":\"BreadcrumbList\",\"@id\":\"https:\/\/credilink.pt\/fr\/politique-de-confidentialite-2\/#breadcrumb\",\"itemListElement\":[{\"@type\":\"ListItem\",\"position\":1,\"name\":\"In\u00edcio\",\"item\":\"https:\/\/credilink.pt\/fr\/home\/\"},{\"@type\":\"ListItem\",\"position\":2,\"name\":\"Informations l\u00e9gales\"}]},{\"@type\":\"WebSite\",\"@id\":\"https:\/\/credilink.pt\/fr\/#website\",\"url\":\"https:\/\/credilink.pt\/fr\/\",\"name\":\"Credilink\",\"description\":\"Especialistas em cr\u00e9dito\",\"publisher\":{\"@id\":\"https:\/\/credilink.pt\/fr\/#organization\"},\"potentialAction\":[{\"@type\":\"SearchAction\",\"target\":{\"@type\":\"EntryPoint\",\"urlTemplate\":\"https:\/\/credilink.pt\/fr\/?s={search_term_string}\"},\"query-input\":{\"@type\":\"PropertyValueSpecification\",\"valueRequired\":true,\"valueName\":\"search_term_string\"}}],\"inLanguage\":\"fr-FR\"},{\"@type\":\"Organization\",\"@id\":\"https:\/\/credilink.pt\/fr\/#organization\",\"name\":\"Credilink\",\"url\":\"https:\/\/credilink.pt\/fr\/\",\"logo\":{\"@type\":\"ImageObject\",\"inLanguage\":\"fr-FR\",\"@id\":\"https:\/\/credilink.pt\/fr\/#\/schema\/logo\/image\/\",\"url\":\"https:\/\/credilink.pt\/wp-content\/uploads\/2025\/12\/favicon.png\",\"contentUrl\":\"https:\/\/credilink.pt\/wp-content\/uploads\/2025\/12\/favicon.png\",\"width\":512,\"height\":512,\"caption\":\"Credilink\"},\"image\":{\"@id\":\"https:\/\/credilink.pt\/fr\/#\/schema\/logo\/image\/\"},\"sameAs\":[\"https:\/\/www.facebook.com\/credilink.pt\",\"https:\/\/www.instagram.com\/credilink.pt\/\",\"https:\/\/www.linkedin.com\/company\/credilinkpt\/\"]}]}<\/script>\n<!-- \/ Yoast SEO plugin. -->","yoast_head_json":{"title":"Informations l\u00e9gales - Credilink","description":"Informations l\u00e9gales concernant Credilink en tant qu\u2019interm\u00e9diaire de cr\u00e9dit li\u00e9, incluant les mentions obligatoires et le cadre juridique applicable.","robots":{"index":"index","follow":"follow","max-snippet":"max-snippet:-1","max-image-preview":"max-image-preview:large","max-video-preview":"max-video-preview:-1"},"canonical":"https:\/\/credilink.pt\/fr\/politique-de-confidentialite-2\/","og_locale":"fr_FR","og_type":"article","og_title":"Informations l\u00e9gales - Credilink","og_description":"Informations l\u00e9gales concernant Credilink en tant qu\u2019interm\u00e9diaire de cr\u00e9dit li\u00e9, incluant les mentions obligatoires et le cadre juridique applicable.","og_url":"https:\/\/credilink.pt\/fr\/politique-de-confidentialite-2\/","og_site_name":"Credilink","article_publisher":"https:\/\/www.facebook.com\/credilink.pt","article_modified_time":"2026-01-22T15:30:48+00:00","twitter_card":"summary_large_image","twitter_misc":{"Dur\u00e9e de lecture estim\u00e9e":"4 minutes"},"schema":{"@context":"https:\/\/schema.org","@graph":[{"@type":"WebPage","@id":"https:\/\/credilink.pt\/fr\/politique-de-confidentialite-2\/","url":"https:\/\/credilink.pt\/fr\/politique-de-confidentialite-2\/","name":"Informations l\u00e9gales - Credilink","isPartOf":{"@id":"https:\/\/credilink.pt\/fr\/#website"},"datePublished":"2026-01-13T18:26:43+00:00","dateModified":"2026-01-22T15:30:48+00:00","description":"Informations l\u00e9gales concernant Credilink en tant qu\u2019interm\u00e9diaire de cr\u00e9dit li\u00e9, incluant les mentions obligatoires et le cadre juridique applicable.","breadcrumb":{"@id":"https:\/\/credilink.pt\/fr\/politique-de-confidentialite-2\/#breadcrumb"},"inLanguage":"fr-FR","potentialAction":[{"@type":"ReadAction","target":["https:\/\/credilink.pt\/fr\/politique-de-confidentialite-2\/"]}]},{"@type":"BreadcrumbList","@id":"https:\/\/credilink.pt\/fr\/politique-de-confidentialite-2\/#breadcrumb","itemListElement":[{"@type":"ListItem","position":1,"name":"In\u00edcio","item":"https:\/\/credilink.pt\/fr\/home\/"},{"@type":"ListItem","position":2,"name":"Informations l\u00e9gales"}]},{"@type":"WebSite","@id":"https:\/\/credilink.pt\/fr\/#website","url":"https:\/\/credilink.pt\/fr\/","name":"Credilink","description":"Especialistas em cr\u00e9dito","publisher":{"@id":"https:\/\/credilink.pt\/fr\/#organization"},"potentialAction":[{"@type":"SearchAction","target":{"@type":"EntryPoint","urlTemplate":"https:\/\/credilink.pt\/fr\/?s={search_term_string}"},"query-input":{"@type":"PropertyValueSpecification","valueRequired":true,"valueName":"search_term_string"}}],"inLanguage":"fr-FR"},{"@type":"Organization","@id":"https:\/\/credilink.pt\/fr\/#organization","name":"Credilink","url":"https:\/\/credilink.pt\/fr\/","logo":{"@type":"ImageObject","inLanguage":"fr-FR","@id":"https:\/\/credilink.pt\/fr\/#\/schema\/logo\/image\/","url":"https:\/\/credilink.pt\/wp-content\/uploads\/2025\/12\/favicon.png","contentUrl":"https:\/\/credilink.pt\/wp-content\/uploads\/2025\/12\/favicon.png","width":512,"height":512,"caption":"Credilink"},"image":{"@id":"https:\/\/credilink.pt\/fr\/#\/schema\/logo\/image\/"},"sameAs":["https:\/\/www.facebook.com\/credilink.pt","https:\/\/www.instagram.com\/credilink.pt\/","https:\/\/www.linkedin.com\/company\/credilinkpt\/"]}]}},"_links":{"self":[{"href":"https:\/\/credilink.pt\/fr\/wp-json\/wp\/v2\/pages\/21061","targetHints":{"allow":["GET"]}}],"collection":[{"href":"https:\/\/credilink.pt\/fr\/wp-json\/wp\/v2\/pages"}],"about":[{"href":"https:\/\/credilink.pt\/fr\/wp-json\/wp\/v2\/types\/page"}],"author":[{"embeddable":true,"href":"https:\/\/credilink.pt\/fr\/wp-json\/wp\/v2\/users\/5"}],"replies":[{"embeddable":true,"href":"https:\/\/credilink.pt\/fr\/wp-json\/wp\/v2\/comments?post=21061"}],"version-history":[{"count":5,"href":"https:\/\/credilink.pt\/fr\/wp-json\/wp\/v2\/pages\/21061\/revisions"}],"predecessor-version":[{"id":21266,"href":"https:\/\/credilink.pt\/fr\/wp-json\/wp\/v2\/pages\/21061\/revisions\/21266"}],"wp:attachment":[{"href":"https:\/\/credilink.pt\/fr\/wp-json\/wp\/v2\/media?parent=21061"}],"curies":[{"name":"wp","href":"https:\/\/api.w.org\/{rel}","templated":true}]}}